{"id":2273,"date":"2021-08-23T12:46:53","date_gmt":"2021-08-23T09:46:53","guid":{"rendered":"https:\/\/rosakansala.fi\/art\/"},"modified":"2025-10-02T16:28:08","modified_gmt":"2025-10-02T13:28:08","slug":"art","status":"publish","type":"page","link":"https:\/\/rosakansala.fi\/en\/art\/","title":{"rendered":"Paintings and drawings"},"content":{"rendered":"\n<div class=\"wp-block-columns is-layout-flex wp-container-core-columns-is-layout-28f84493 wp-block-columns-is-layout-flex\">\n<div class=\"wp-block-column is-layout-flow wp-block-column-is-layout-flow\" style=\"flex-basis:66.66%\">\n<p>I create Illustrations, Portraits and Works of Art using many different techniques. To place an order <a href=\"http:\/\/rosakansala.fi\/cv\" target=\"_blank\" rel=\"noreferrer noopener\">please contact me<\/a>. Some of the works on display are for sale, and some can also be ordered as postcards. You can find the online store <a href=\"https:\/\/rosakansala.fi\/en\/shop\/\">here<\/a>.<\/p>\n<\/div>\n<\/div>\n\n<div style=\"height:29px\" aria-hidden=\"true\" class=\"wp-block-spacer\"><\/div>\n\n<h4 class=\"wp-block-heading\">Toes and feet<\/h4>\n\n<p>Exhibition held in 2021 reflected on the meaning of feet and the sensoric experiences that come through them.<\/p>\n<div class=\"rl-gallery-container rl-loading\" id=\"rl-gallery-container-1\" data-gallery_id=\"3030\"> <div class=\"rl-gallery rl-basicmasonry-gallery rl-hover-effect-1\" id=\"rl-gallery-1\" data-gallery_no=\"1\"> <div class=\"rl-gutter-sizer\"><\/div><div class=\"rl-grid-sizer\"><\/div> <div class=\"rl-gallery-item rl-gallery-item-width-4\" > <div class=\"rl-gallery-item-content\"> <a href=\"https:\/\/rosakansala.fi\/wp-content\/uploads\/2018\/06\/NYT_700.jpg\" title=\"Akryylimaalaus Nyt\" data-rl_title=\"Akryylimaalaus Nyt\" class=\"rl-gallery-link\" data-rl_caption=\"\" data-rel=\"lightbox-gallery-1\"><img loading=\"lazy\" decoding=\"async\" src=\"https:\/\/rosakansala.fi\/wp-content\/uploads\/2018\/06\/NYT_700.jpg\" width=\"700\" height=\"910\" alt=\"maalaus tytt\u00f6lapsesta juoksemassa rantakallioilla\"\/><\/a> <\/div> <\/div> <div class=\"rl-gallery-item\" > <div class=\"rl-gallery-item-content\"> <a href=\"https:\/\/rosakansala.fi\/wp-content\/uploads\/2018\/06\/puoliltapaivin_700.jpg\" title=\"Akryylimaalaus Puoliltap\u00e4ivin\" data-rl_title=\"Akryylimaalaus Puoliltap\u00e4ivin\" class=\"rl-gallery-link\" data-rl_caption=\"\" data-rel=\"lightbox-gallery-1\"><img loading=\"lazy\" decoding=\"async\" src=\"https:\/\/rosakansala.fi\/wp-content\/uploads\/2018\/06\/puoliltapaivin_700.jpg\" width=\"700\" height=\"1056\" alt=\"Maalaus kukkaruukkua kannattelevista paljaista jaloista\"\/><\/a> <\/div> <\/div> <div class=\"rl-gallery-item\" > <div class=\"rl-gallery-item-content\"> <a href=\"https:\/\/rosakansala.fi\/wp-content\/uploads\/2018\/06\/aamutuimaan800.jpg\" title=\"Aamutuimaan, jalalla maalattu akryylimaalaus\" data-rl_title=\"Aamutuimaan, jalalla maalattu akryylimaalaus\" class=\"rl-gallery-link\" data-rl_caption=\"\" data-rel=\"lightbox-gallery-1\"><img loading=\"lazy\" decoding=\"async\" src=\"https:\/\/rosakansala.fi\/wp-content\/uploads\/2018\/06\/aamutuimaan800.jpg\" width=\"800\" height=\"800\" alt=\"Aamutuimaan, 2021, jalalla maalattu akryylimaalaus jaloista peiton alla\"\/><\/a> <\/div> <\/div> <div class=\"rl-gallery-item\" > <div class=\"rl-gallery-item-content\"> <a href=\"https:\/\/rosakansala.fi\/wp-content\/uploads\/2023\/05\/Kevaanensimmainen800.jpg\" title=\"Kev\u00e4\u00e4n ensimm\u00e4inen, \u00f6ljymaalaus\" data-rl_title=\"Kev\u00e4\u00e4n ensimm\u00e4inen, \u00f6ljymaalaus\" class=\"rl-gallery-link\" data-rl_caption=\"\" data-rel=\"lightbox-gallery-1\"><img loading=\"lazy\" decoding=\"async\" src=\"https:\/\/rosakansala.fi\/wp-content\/uploads\/2023\/05\/Kevaanensimmainen800.jpg\" width=\"1026\" height=\"800\" alt=\"\u00d6ljymaalaus veteen astuvista jaloista\"\/><\/a> <\/div> <\/div> <div class=\"rl-gallery-item\" > <div class=\"rl-gallery-item-content\"> <a href=\"https:\/\/rosakansala.fi\/wp-content\/uploads\/2023\/05\/niitylla-scaled.jpg\" title=\"Niityll\u00e4, 2026\" data-rl_title=\"Niityll\u00e4, 2026\" class=\"rl-gallery-link\" data-rl_caption=\"\" data-rel=\"lightbox-gallery-1\"><img loading=\"lazy\" decoding=\"async\" src=\"https:\/\/rosakansala.fi\/wp-content\/uploads\/2023\/05\/niitylla-scaled.jpg\" width=\"2029\" height=\"2560\" alt=\"\u00d6ljymaalaus paljaista jaloista vihre\u00e4ss\u00e4 heinikossa\"\/><\/a> <\/div> <\/div> <div class=\"rl-gallery-item\" > <div class=\"rl-gallery-item-content\"> <a href=\"https:\/\/rosakansala.fi\/wp-content\/uploads\/2026\/03\/residenssi-netti-3.jpg\" title=\"Taimet, pastellimaalaus, 2026\" data-rl_title=\"Taimet, pastellimaalaus, 2026\" class=\"rl-gallery-link\" data-rl_caption=\"\" data-rel=\"lightbox-gallery-1\"><img loading=\"lazy\" decoding=\"async\" src=\"https:\/\/rosakansala.fi\/wp-content\/uploads\/2026\/03\/residenssi-netti-3.jpg\" width=\"718\" height=\"1000\" alt=\"Pastellimaalaus lapsen jaloista rantakaliolla ja pienest\u00e4 puun taimesta\"\/><\/a> <\/div> <\/div> <\/div> <\/div>\n\n<h4 class=\"wp-block-heading\">Portraits<\/h4>\n\n<p>During the years I have fulfilled multiple portraits with different techniques. Here are a few of them.<\/p>\n<div class=\"rl-gallery-container rl-loading\" id=\"rl-gallery-container-2\" data-gallery_id=\"752\"> <div class=\"rl-gallery rl-basicmasonry-gallery rl-hover-effect-1\" id=\"rl-gallery-2\" data-gallery_no=\"2\"> <div class=\"rl-gutter-sizer\"><\/div><div class=\"rl-grid-sizer\"><\/div> <div class=\"rl-gallery-item rl-gallery-item-width-4\" > <div class=\"rl-gallery-item-content\"> <a href=\"https:\/\/rosakansala.fi\/wp-content\/uploads\/2018\/06\/Dina800.jpg\" title=\"Kirje, 2022, temperamaalaus, 108 x 93 cm\" data-rl_title=\"Kirje, 2022, temperamaalaus, 108 x 93 cm\" class=\"rl-gallery-link\" data-rl_caption=\"\" data-rel=\"lightbox-gallery-2\"><img loading=\"lazy\" decoding=\"async\" src=\"https:\/\/rosakansala.fi\/wp-content\/uploads\/2018\/06\/Dina800.jpg\" width=\"800\" height=\"688\" alt=\"Vanha nainen kirjoittaa kirjett\u00e4\"\/><\/a> <\/div> <\/div> <div class=\"rl-gallery-item\" > <div class=\"rl-gallery-item-content\"> <a href=\"https:\/\/rosakansala.fi\/wp-content\/uploads\/2018\/06\/ensimmainen_oppitunti800-e1640687105762.jpg\" title=\"\u00d6ljymaalaus, Ensimm\u00e4inen oppitunti, 40 x 40 cm\" data-rl_title=\"\u00d6ljymaalaus, Ensimm\u00e4inen oppitunti, 40 x 40 cm\" class=\"rl-gallery-link\" data-rl_caption=\"\" data-rel=\"lightbox-gallery-2\"><img loading=\"lazy\" decoding=\"async\" src=\"https:\/\/rosakansala.fi\/wp-content\/uploads\/2018\/06\/ensimmainen_oppitunti800-e1640687105762.jpg\" width=\"700\" height=\"700\" alt=\"\u00d6ljymaalaus lapsesta seisomassa pianon p\u00e4\u00e4ll\u00e4 ja \u00e4idist\u00e4 vierell\u00e4\"\/><\/a> <\/div> <\/div> <div class=\"rl-gallery-item\" > <div class=\"rl-gallery-item-content\"> <a href=\"https:\/\/rosakansala.fi\/wp-content\/uploads\/2018\/06\/Aaron700-e1640690750393.jpg\" title=\"Pastellimuotokuva lapsesta, 2020, 24 x 28 cm\" data-rl_title=\"Pastellimuotokuva lapsesta, 2020, 24 x 28 cm\" class=\"rl-gallery-link\" data-rl_caption=\"\" data-rel=\"lightbox-gallery-2\"><img loading=\"lazy\" decoding=\"async\" src=\"https:\/\/rosakansala.fi\/wp-content\/uploads\/2018\/06\/Aaron700-e1640690750393.jpg\" width=\"627\" height=\"700\" alt=\"Pastellimuotokuva lapsesta, 24 x 28 cm\"\/><\/a> <\/div> <\/div> <div class=\"rl-gallery-item\" > <div class=\"rl-gallery-item-content\"> <a href=\"https:\/\/rosakansala.fi\/wp-content\/uploads\/2018\/06\/lassipiirros800-2.jpg\" title=\"Lyijykynill\u00e4 ja panpastelleilla toteutettu muotokuva, 2019, 30 x 30 cm\" data-rl_title=\"Lyijykynill\u00e4 ja panpastelleilla toteutettu muotokuva, 2019, 30 x 30 cm\" class=\"rl-gallery-link\" data-rl_caption=\"\" data-rel=\"lightbox-gallery-2\"><img loading=\"lazy\" decoding=\"async\" src=\"https:\/\/rosakansala.fi\/wp-content\/uploads\/2018\/06\/lassipiirros800-2.jpg\" width=\"800\" height=\"800\" alt=\"Lyijykynill\u00e4 ja panpastelleilla toteutettu muotokuva, 30 x 30 cm\"\/><\/a> <\/div> <\/div> <div class=\"rl-gallery-item\" > <div class=\"rl-gallery-item-content\"> <a href=\"https:\/\/rosakansala.fi\/wp-content\/uploads\/2018\/06\/Noomi-pieni.jpg\" title=\"Puuv\u00e4rimuotokuva, 2018, 30 x 30 cm\" data-rl_title=\"Puuv\u00e4rimuotokuva, 2018, 30 x 30 cm\" class=\"rl-gallery-link\" data-rl_caption=\"\" data-rel=\"lightbox-gallery-2\"><img loading=\"lazy\" decoding=\"async\" src=\"https:\/\/rosakansala.fi\/wp-content\/uploads\/2018\/06\/Noomi-pieni.jpg\" width=\"700\" height=\"743\" alt=\"Vaaleans\u00e4vyinen puuv\u00e4rimuotokuva kiharahiuksisesta tyt\u00f6st\u00e4\"\/><\/a> <\/div> <\/div> <div class=\"rl-gallery-item\" > <div class=\"rl-gallery-item-content\"> <a href=\"https:\/\/rosakansala.fi\/wp-content\/uploads\/2018\/06\/hirvonen-julk.jpg\" title=\"Kuituk\u00e4rkikynill\u00e4 piirretty muotokuva, 2018, A5\" data-rl_title=\"Kuituk\u00e4rkikynill\u00e4 piirretty muotokuva, 2018, A5\" class=\"rl-gallery-link\" data-rl_caption=\"\" data-rel=\"lightbox-gallery-2\"><img loading=\"lazy\" decoding=\"async\" src=\"https:\/\/rosakansala.fi\/wp-content\/uploads\/2018\/06\/hirvonen-julk.jpg\" width=\"700\" height=\"622\" alt=\"Piirretty muotokuva naisesta ja koirasta\"\/><\/a> <\/div> <\/div> <\/div> <\/div>\n\n<h2 class=\"wp-block-heading\"><\/h2>\n\n<p><\/p>\n","protected":false},"excerpt":{"rendered":"<p>Paintings and drawings, also taking commissions!<\/p>\n","protected":false},"author":1,"featured_media":0,"parent":0,"menu_order":0,"comment_status":"closed","ping_status":"closed","template":"","meta":{"site-sidebar-layout":"default","site-content-layout":"default","ast-site-content-layout":"default","site-content-style":"default","site-sidebar-style":"default","ast-global-header-display":"","ast-banner-title-visibility":"","ast-main-header-display":"","ast-hfb-above-header-display":"","ast-hfb-below-header-display":"","ast-hfb-mobile-header-display":"","site-post-title":"","ast-breadcrumbs-content":"","ast-featured-img":"","footer-sml-layout":"","ast-disable-related-posts":"","theme-transparent-header-meta":"default","adv-header-id-meta":"","stick-header-meta":"","header-above-stick-meta":"","header-main-stick-meta":"","header-below-stick-meta":"","astra-migrate-meta-layouts":"default","ast-page-background-enabled":"default","ast-page-background-meta":{"desktop":{"background-color":"var(--ast-global-color-4)","background-image":"","background-repeat":"repeat","background-position":"center center","background-size":"auto","background-attachment":"scroll","background-type":"","background-media":"","overlay-type":"","overlay-color":"","overlay-opacity":"","overlay-gradient":""},"tablet":{"background-color":"","background-image":"","background-repeat":"repeat","background-position":"center center","background-size":"auto","background-attachment":"scroll","background-type":"","background-media":"","overlay-type":"","overlay-color":"","overlay-opacity":"","overlay-gradient":""},"mobile":{"background-color":"","background-image":"","background-repeat":"repeat","background-position":"center center","background-size":"auto","background-attachment":"scroll","background-type":"","background-media":"","overlay-type":"","overlay-color":"","overlay-opacity":"","overlay-gradient":""}},"ast-content-background-meta":{"desktop":{"background-color":"var(--ast-global-color-5)","background-image":"","background-repeat":"repeat","background-position":"center center","background-size":"auto","background-attachment":"scroll","background-type":"","background-media":"","overlay-type":"","overlay-color":"","overlay-opacity":"","overlay-gradient":""},"tablet":{"background-color":"var(--ast-global-color-5)","background-image":"","background-repeat":"repeat","background-position":"center center","background-size":"auto","background-attachment":"scroll","background-type":"","background-media":"","overlay-type":"","overlay-color":"","overlay-opacity":"","overlay-gradient":""},"mobile":{"background-color":"var(--ast-global-color-5)","background-image":"","background-repeat":"repeat","background-position":"center center","background-size":"auto","background-attachment":"scroll","background-type":"","background-media":"","overlay-type":"","overlay-color":"","overlay-opacity":"","overlay-gradient":""}},"footnotes":""},"class_list":["post-2273","page","type-page","status-publish","hentry"],"featured_image_src":null,"_links":{"self":[{"href":"https:\/\/rosakansala.fi\/en\/wp-json\/wp\/v2\/pages\/2273","targetHints":{"allow":["GET"]}}],"collection":[{"href":"https:\/\/rosakansala.fi\/en\/wp-json\/wp\/v2\/pages"}],"about":[{"href":"https:\/\/rosakansala.fi\/en\/wp-json\/wp\/v2\/types\/page"}],"author":[{"embeddable":true,"href":"https:\/\/rosakansala.fi\/en\/wp-json\/wp\/v2\/users\/1"}],"replies":[{"embeddable":true,"href":"https:\/\/rosakansala.fi\/en\/wp-json\/wp\/v2\/comments?post=2273"}],"version-history":[{"count":13,"href":"https:\/\/rosakansala.fi\/en\/wp-json\/wp\/v2\/pages\/2273\/revisions"}],"predecessor-version":[{"id":3594,"href":"https:\/\/rosakansala.fi\/en\/wp-json\/wp\/v2\/pages\/2273\/revisions\/3594"}],"wp:attachment":[{"href":"https:\/\/rosakansala.fi\/en\/wp-json\/wp\/v2\/media?parent=2273"}],"curies":[{"name":"wp","href":"https:\/\/api.w.org\/{rel}","templated":true}]}}