{"id":2268,"date":"2021-08-23T12:41:33","date_gmt":"2021-08-23T09:41:33","guid":{"rendered":"https:\/\/rosakansala.fi\/illustration\/"},"modified":"2024-07-28T09:16:14","modified_gmt":"2024-07-28T06:16:14","slug":"illustration","status":"publish","type":"page","link":"https:\/\/rosakansala.fi\/en\/illustration\/","title":{"rendered":"Illustration"},"content":{"rendered":"\n<div class=\"wp-block-columns is-layout-flex wp-container-core-columns-is-layout-28f84493 wp-block-columns-is-layout-flex\">\n<div class=\"wp-block-column is-layout-flow wp-block-column-is-layout-flow\" style=\"flex-basis:66.66%\">\n<p>I illustrate for both printed and e-media. I prefer to work by hand, but also digitally if necessary. I also deliver handmade illustrations to the customer in digital format. You can also order the entire publication from me designed from start to finish, including graphic design, illustration and art.<\/p>\n\n\n\n<p>I have made Illustrations for books, various marketing materials, TV series and public buildings. You can familiarize yourself with my Finnish Illustrators&#8217; association online portfolio <a href=\"https:\/\/kuvittajat.fi\/portfoliot\/rosa-kansala\/\">here<\/a>. I&#8217;m also a member of Kuvasto and Kopiosto.<\/p>\n<\/div>\n<\/div>\n\n<div style=\"height:42px\" aria-hidden=\"true\" class=\"wp-block-spacer\"><\/div>\n\n<figure class=\"wp-block-image size-full\"><img loading=\"lazy\" decoding=\"async\" width=\"1185\" height=\"700\" src=\"https:\/\/rosakansala.fi\/wp-content\/uploads\/2022\/11\/aurinkopoika2_nettisivuille.jpg\" alt=\"\" class=\"wp-image-2713\" srcset=\"https:\/\/rosakansala.fi\/wp-content\/uploads\/2022\/11\/aurinkopoika2_nettisivuille.jpg 1185w, https:\/\/rosakansala.fi\/wp-content\/uploads\/2022\/11\/aurinkopoika2_nettisivuille-300x177.jpg 300w, https:\/\/rosakansala.fi\/wp-content\/uploads\/2022\/11\/aurinkopoika2_nettisivuille-700x414.jpg 700w, https:\/\/rosakansala.fi\/wp-content\/uploads\/2022\/11\/aurinkopoika2_nettisivuille-768x454.jpg 768w\" sizes=\"auto, (max-width: 1185px) 100vw, 1185px\" \/><\/figure>\n<div class=\"rl-gallery-container rl-loading\" id=\"rl-gallery-container-1\" data-gallery_id=\"775\"> <div class=\"rl-gallery rl-basicmasonry-gallery rl-hover-effect-1\" id=\"rl-gallery-1\" data-gallery_no=\"1\"> <div class=\"rl-gutter-sizer\"><\/div><div class=\"rl-grid-sizer\"><\/div> <div class=\"rl-gallery-item rl-gallery-item-width-4\" > <div class=\"rl-gallery-item-content\"> <a href=\"https:\/\/rosakansala.fi\/wp-content\/uploads\/2018\/06\/aurinkopoika1-rajattu.jpg\" title=\"Kuvitus fiktiiviseen Aurinkopoika-lastenkirjaan Rakkaat lapset TV-sarjassa\" data-rl_title=\"Kuvitus fiktiiviseen Aurinkopoika-lastenkirjaan Rakkaat lapset TV-sarjassa\" class=\"rl-gallery-link\" data-rl_caption=\"\" data-rel=\"lightbox-gallery-1\"><img loading=\"lazy\" decoding=\"async\" src=\"https:\/\/rosakansala.fi\/wp-content\/uploads\/2018\/06\/aurinkopoika1-rajattu-768x448.jpg\" width=\"768\" height=\"448\" alt=\"kuvituksessa on viisi lasta ja keskimm\u00e4isell\u00e4 aurinko k\u00e4dess\u00e4\u00e4n\"\/><\/a> <\/div> <\/div> <div class=\"rl-gallery-item\" > <div class=\"rl-gallery-item-content\"> <a href=\"https:\/\/rosakansala.fi\/wp-content\/uploads\/2018\/06\/somekuva_suorakaide700.jpg\" title=\"julistekuvitus tanssiteokseen Liikkuva lautapeli\" data-rl_title=\"julistekuvitus tanssiteokseen Liikkuva lautapeli\" class=\"rl-gallery-link\" data-rl_caption=\"\" data-rel=\"lightbox-gallery-1\"><img loading=\"lazy\" decoding=\"async\" src=\"https:\/\/rosakansala.fi\/wp-content\/uploads\/2018\/06\/somekuva_suorakaide700.jpg\" width=\"700\" height=\"876\" alt=\"kuvituksessa on kaksi tanssiva hahmoa\"\/><\/a> <\/div> <\/div> <div class=\"rl-gallery-item\" > <div class=\"rl-gallery-item-content\"> <a href=\"https:\/\/rosakansala.fi\/wp-content\/uploads\/2018\/06\/joulupuput-valmis_v2_pieni.jpg\" title=\"Lapin yliopiston joulutervehdys 2020\" data-rl_title=\"Lapin yliopiston joulutervehdys 2020\" class=\"rl-gallery-link\" data-rl_caption=\"\" data-rel=\"lightbox-gallery-1\"><img loading=\"lazy\" decoding=\"async\" src=\"https:\/\/rosakansala.fi\/wp-content\/uploads\/2018\/06\/joulupuput-valmis_v2_pieni-768x478.jpg\" width=\"768\" height=\"478\" alt=\"Kaksi pupua leikkaa paperista lumihiutaleita\"\/><\/a> <\/div> <\/div> <div class=\"rl-gallery-item\" > <div class=\"rl-gallery-item-content\"> <a href=\"https:\/\/rosakansala.fi\/wp-content\/uploads\/2019\/12\/Jan20-e1640689966783.jpg\" title=\"J\u00e4\u00e4karhu Jan ja revontulet\" data-rl_title=\"J\u00e4\u00e4karhu Jan ja revontulet\" class=\"rl-gallery-link\" data-rl_caption=\"\" data-rel=\"lightbox-gallery-1\"><img loading=\"lazy\" decoding=\"async\" src=\"https:\/\/rosakansala.fi\/wp-content\/uploads\/2019\/12\/Jan20-768x768.jpg\" width=\"768\" height=\"768\" alt=\"J\u00e4\u00e4karhu Jan ja revontulet\"\/><\/a> <\/div> <\/div> <div class=\"rl-gallery-item\" > <div class=\"rl-gallery-item-content\"> <a href=\"https:\/\/rosakansala.fi\/wp-content\/uploads\/2019\/12\/Jan18-e1640689881979.jpg\" title=\"J\u00e4\u00e4karhu Janin joulupuuro\" data-rl_title=\"J\u00e4\u00e4karhu Janin joulupuuro\" class=\"rl-gallery-link\" data-rl_caption=\"\" data-rel=\"lightbox-gallery-1\"><img loading=\"lazy\" decoding=\"async\" src=\"https:\/\/rosakansala.fi\/wp-content\/uploads\/2019\/12\/Jan18-768x768.jpg\" width=\"768\" height=\"768\" alt=\"J\u00e4\u00e4karhu Janin joulupuuro\"\/><\/a> <\/div> <\/div> <div class=\"rl-gallery-item\" > <div class=\"rl-gallery-item-content\"> <a href=\"https:\/\/rosakansala.fi\/wp-content\/uploads\/2018\/06\/yhdistetty-band-pieni.jpg\" title=\"Akvarellikuvitus musiikkileirille\" data-rl_title=\"Akvarellikuvitus musiikkileirille\" class=\"rl-gallery-link\" data-rl_caption=\"\" data-rel=\"lightbox-gallery-1\"><img loading=\"lazy\" decoding=\"async\" src=\"https:\/\/rosakansala.fi\/wp-content\/uploads\/2018\/06\/yhdistetty-band-pieni.jpg\" width=\"700\" height=\"363\" alt=\"Akvarellikuvitus musiikkileirille\"\/><\/a> <\/div> <\/div> <div class=\"rl-gallery-item\" > <div class=\"rl-gallery-item-content\"> <a href=\"https:\/\/rosakansala.fi\/wp-content\/uploads\/2018\/06\/viulistikettu_pieni.jpg\" title=\"Akvarellikuvitus musiikkileirille\" data-rl_title=\"Akvarellikuvitus musiikkileirille\" class=\"rl-gallery-link\" data-rl_caption=\"\" data-rel=\"lightbox-gallery-1\"><img loading=\"lazy\" decoding=\"async\" src=\"https:\/\/rosakansala.fi\/wp-content\/uploads\/2018\/06\/viulistikettu_pieni.jpg\" width=\"693\" height=\"768\" alt=\"Akvarellikuvitus musiikkileirille\"\/><\/a> <\/div> <\/div> <div class=\"rl-gallery-item\" > <div class=\"rl-gallery-item-content\"> <a href=\"https:\/\/rosakansala.fi\/wp-content\/uploads\/2018\/06\/insta.jpg\" title=\"Kuvitus musiikkileirille\" data-rl_title=\"Kuvitus musiikkileirille\" class=\"rl-gallery-link\" data-rl_caption=\"\" data-rel=\"lightbox-gallery-1\"><img loading=\"lazy\" decoding=\"async\" src=\"https:\/\/rosakansala.fi\/wp-content\/uploads\/2018\/06\/insta.jpg\" width=\"700\" height=\"700\" alt=\"\"\/><\/a> <\/div> <\/div> <div class=\"rl-gallery-item\" > <div class=\"rl-gallery-item-content\"> <a href=\"https:\/\/rosakansala.fi\/wp-content\/uploads\/2018\/06\/tomusokeriavaillevalmis2-1.jpg\" title=\"Guassimaalaus Tomusokeria vaille valmis, myyty\" data-rl_title=\"Guassimaalaus Tomusokeria vaille valmis, myyty\" class=\"rl-gallery-link\" data-rl_caption=\"\" data-rel=\"lightbox-gallery-1\"><img loading=\"lazy\" decoding=\"async\" src=\"https:\/\/rosakansala.fi\/wp-content\/uploads\/2018\/06\/tomusokeriavaillevalmis2-1.jpg\" width=\"700\" height=\"563\" alt=\"\"\/><\/a> <\/div> <\/div> <div class=\"rl-gallery-item\" > <div class=\"rl-gallery-item-content\"> <a href=\"https:\/\/rosakansala.fi\/wp-content\/uploads\/2018\/06\/janinpyykkipaiva-pieni.jpg\" title=\"J\u00e4\u00e4karhu Janin pyykkip\u00e4iv\u00e4 -akvarelliteos\" data-rl_title=\"J\u00e4\u00e4karhu Janin pyykkip\u00e4iv\u00e4 -akvarelliteos\" class=\"rl-gallery-link\" data-rl_caption=\"\" data-rel=\"lightbox-gallery-1\"><img loading=\"lazy\" decoding=\"async\" src=\"https:\/\/rosakansala.fi\/wp-content\/uploads\/2018\/06\/janinpyykkipaiva-pieni.jpg\" width=\"700\" height=\"569\" alt=\"J\u00e4\u00e4karhu Janin pyykkip\u00e4iv\u00e4 -akvarelliteos\"\/><\/a> <\/div> <\/div> <div class=\"rl-gallery-item\" > <div class=\"rl-gallery-item-content\"> <a href=\"https:\/\/rosakansala.fi\/wp-content\/uploads\/2018\/06\/itseteossa_pieni.jpg\" title=\"Inktenseteos Itse teossa, myyty\" data-rl_title=\"Inktenseteos Itse teossa, myyty\" class=\"rl-gallery-link\" data-rl_caption=\"\" data-rel=\"lightbox-gallery-1\"><img loading=\"lazy\" decoding=\"async\" src=\"https:\/\/rosakansala.fi\/wp-content\/uploads\/2018\/06\/itseteossa_pieni.jpg\" width=\"700\" height=\"594\" alt=\"\"\/><\/a> <\/div> <\/div> <div class=\"rl-gallery-item\" > <div class=\"rl-gallery-item-content\"> <a href=\"https:\/\/rosakansala.fi\/wp-content\/uploads\/2018\/06\/portaat.png\" title=\"Kuitukyn\u00e4piirros Tulevaisuus\" data-rl_title=\"Kuitukyn\u00e4piirros Tulevaisuus\" class=\"rl-gallery-link\" data-rl_caption=\"\" data-rel=\"lightbox-gallery-1\"><img loading=\"lazy\" decoding=\"async\" src=\"https:\/\/rosakansala.fi\/wp-content\/uploads\/2018\/06\/portaat.png\" width=\"451\" height=\"768\" alt=\"\"\/><\/a> <\/div> <\/div> <div class=\"rl-gallery-item\" > <div class=\"rl-gallery-item-content\"> <a href=\"https:\/\/rosakansala.fi\/wp-content\/uploads\/2018\/06\/jotainsinist2.jpg\" title=\"Lyijykyn\u00e4- ja akvarelliteos Jotain sinist\u00e4, myyt\u00e4v\u00e4n\u00e4\" data-rl_title=\"Lyijykyn\u00e4- ja akvarelliteos Jotain sinist\u00e4, myyt\u00e4v\u00e4n\u00e4\" class=\"rl-gallery-link\" data-rl_caption=\"\" data-rel=\"lightbox-gallery-1\"><img loading=\"lazy\" decoding=\"async\" src=\"https:\/\/rosakansala.fi\/wp-content\/uploads\/2018\/06\/jotainsinist2.jpg\" width=\"700\" height=\"503\" alt=\"\"\/><\/a> <\/div> <\/div> <div class=\"rl-gallery-item\" > <div class=\"rl-gallery-item-content\"> <a href=\"https:\/\/rosakansala.fi\/wp-content\/uploads\/2018\/06\/sokerihiiri-s-koko.jpg\" title=\"Puuv\u00e4riteos Sokerihiiri, myyty\" data-rl_title=\"Puuv\u00e4riteos Sokerihiiri, myyty\" class=\"rl-gallery-link\" data-rl_caption=\"\" data-rel=\"lightbox-gallery-1\"><img loading=\"lazy\" decoding=\"async\" src=\"https:\/\/rosakansala.fi\/wp-content\/uploads\/2018\/06\/sokerihiiri-s-koko.jpg\" width=\"700\" height=\"595\" alt=\"\"\/><\/a> <\/div> <\/div> <\/div> <\/div>\n","protected":false},"excerpt":{"rendered":"<p>E.g. for magazines, newspaper, books or invitations.<\/p>\n","protected":false},"author":1,"featured_media":0,"parent":0,"menu_order":0,"comment_status":"closed","ping_status":"open","template":"","meta":{"site-sidebar-layout":"default","site-content-layout":"default","ast-site-content-layout":"default","site-content-style":"default","site-sidebar-style":"default","ast-global-header-display":"","ast-banner-title-visibility":"","ast-main-header-display":"","ast-hfb-above-header-display":"","ast-hfb-below-header-display":"","ast-hfb-mobile-header-display":"","site-post-title":"","ast-breadcrumbs-content":"","ast-featured-img":"","footer-sml-layout":"","ast-disable-related-posts":"","theme-transparent-header-meta":"default","adv-header-id-meta":"","stick-header-meta":"","header-above-stick-meta":"","header-main-stick-meta":"","header-below-stick-meta":"","astra-migrate-meta-layouts":"default","ast-page-background-enabled":"default","ast-page-background-meta":{"desktop":{"background-color":"var(--ast-global-color-4)","background-image":"","background-repeat":"repeat","background-position":"center center","background-size":"auto","background-attachment":"scroll","background-type":"","background-media":"","overlay-type":"","overlay-color":"","overlay-opacity":"","overlay-gradient":""},"tablet":{"background-color":"","background-image":"","background-repeat":"repeat","background-position":"center center","background-size":"auto","background-attachment":"scroll","background-type":"","background-media":"","overlay-type":"","overlay-color":"","overlay-opacity":"","overlay-gradient":""},"mobile":{"background-color":"","background-image":"","background-repeat":"repeat","background-position":"center center","background-size":"auto","background-attachment":"scroll","background-type":"","background-media":"","overlay-type":"","overlay-color":"","overlay-opacity":"","overlay-gradient":""}},"ast-content-background-meta":{"desktop":{"background-color":"var(--ast-global-color-5)","background-image":"","background-repeat":"repeat","background-position":"center center","background-size":"auto","background-attachment":"scroll","background-type":"","background-media":"","overlay-type":"","overlay-color":"","overlay-opacity":"","overlay-gradient":""},"tablet":{"background-color":"var(--ast-global-color-5)","background-image":"","background-repeat":"repeat","background-position":"center center","background-size":"auto","background-attachment":"scroll","background-type":"","background-media":"","overlay-type":"","overlay-color":"","overlay-opacity":"","overlay-gradient":""},"mobile":{"background-color":"var(--ast-global-color-5)","background-image":"","background-repeat":"repeat","background-position":"center center","background-size":"auto","background-attachment":"scroll","background-type":"","background-media":"","overlay-type":"","overlay-color":"","overlay-opacity":"","overlay-gradient":""}},"footnotes":""},"class_list":["post-2268","page","type-page","status-publish","hentry"],"featured_image_src":null,"_links":{"self":[{"href":"https:\/\/rosakansala.fi\/en\/wp-json\/wp\/v2\/pages\/2268","targetHints":{"allow":["GET"]}}],"collection":[{"href":"https:\/\/rosakansala.fi\/en\/wp-json\/wp\/v2\/pages"}],"about":[{"href":"https:\/\/rosakansala.fi\/en\/wp-json\/wp\/v2\/types\/page"}],"author":[{"embeddable":true,"href":"https:\/\/rosakansala.fi\/en\/wp-json\/wp\/v2\/users\/1"}],"replies":[{"embeddable":true,"href":"https:\/\/rosakansala.fi\/en\/wp-json\/wp\/v2\/comments?post=2268"}],"version-history":[{"count":3,"href":"https:\/\/rosakansala.fi\/en\/wp-json\/wp\/v2\/pages\/2268\/revisions"}],"predecessor-version":[{"id":3443,"href":"https:\/\/rosakansala.fi\/en\/wp-json\/wp\/v2\/pages\/2268\/revisions\/3443"}],"wp:attachment":[{"href":"https:\/\/rosakansala.fi\/en\/wp-json\/wp\/v2\/media?parent=2268"}],"curies":[{"name":"wp","href":"https:\/\/api.w.org\/{rel}","templated":true}]}}